{"id":18,"date":"2023-04-26T11:04:20","date_gmt":"2023-04-26T09:04:20","guid":{"rendered":"https:\/\/rgkhandisport.fr\/?page_id=18"},"modified":"2026-03-31T09:41:47","modified_gmt":"2026-03-31T07:41:47","slug":"calendrier-evenements","status":"publish","type":"page","link":"https:\/\/rgkhandisport.fr\/?page_id=18","title":{"rendered":"Calendrier &#038; \u00e9v\u00e9nements"},"content":{"rendered":"\t\t<div data-elementor-type=\"wp-page\" data-elementor-id=\"18\" class=\"elementor elementor-18\">\n\t\t\t\t\t\t\t\t\t<section class=\"elementor-section elementor-top-section elementor-element elementor-element-728a01f elementor-section-boxed elementor-section-height-default elementor-section-height-default\" data-id=\"728a01f\" data-element_type=\"section\" data-settings=\"{&quot;background_background&quot;:&quot;classic&quot;}\">\n\t\t\t\t\t\t<div class=\"elementor-container elementor-column-gap-default\">\n\t\t\t\t\t<div class=\"elementor-column elementor-col-100 elementor-top-column elementor-element elementor-element-49af1f6\" data-id=\"49af1f6\" data-element_type=\"column\">\n\t\t\t<div class=\"elementor-widget-wrap elementor-element-populated\">\n\t\t\t\t\t\t\t\t<div class=\"elementor-element elementor-element-73794c2 elementor-widget elementor-widget-heading\" data-id=\"73794c2\" data-element_type=\"widget\" data-widget_type=\"heading.default\">\n\t\t\t\t<div class=\"elementor-widget-container\">\n\t\t\t<style>\/*! elementor - v3.12.2 - 23-04-2023 *\/\n.elementor-heading-title{padding:0;margin:0;line-height:1}.elementor-widget-heading .elementor-heading-title[class*=elementor-size-]>a{color:inherit;font-size:inherit;line-height:inherit}.elementor-widget-heading .elementor-heading-title.elementor-size-small{font-size:15px}.elementor-widget-heading .elementor-heading-title.elementor-size-medium{font-size:19px}.elementor-widget-heading .elementor-heading-title.elementor-size-large{font-size:29px}.elementor-widget-heading .elementor-heading-title.elementor-size-xl{font-size:39px}.elementor-widget-heading .elementor-heading-title.elementor-size-xxl{font-size:59px}<\/style><h2 class=\"elementor-heading-title elementor-size-default\">Calendrier <br> & \u00e9v\u00e9nement<\/h2>\t\t<\/div>\n\t\t\t\t<\/div>\n\t\t\t\t\t<\/div>\n\t\t<\/div>\n\t\t\t\t\t\t\t<\/div>\n\t\t<\/section>\n\t\t\t\t<section class=\"elementor-section elementor-top-section elementor-element elementor-element-f5a9f95 elementor-section-boxed elementor-section-height-default elementor-section-height-default\" data-id=\"f5a9f95\" data-element_type=\"section\">\n\t\t\t\t\t\t<div class=\"elementor-container elementor-column-gap-default\">\n\t\t\t\t\t<div class=\"elementor-column elementor-col-100 elementor-top-column elementor-element elementor-element-e101b09\" data-id=\"e101b09\" data-element_type=\"column\">\n\t\t\t<div class=\"elementor-widget-wrap elementor-element-populated\">\n\t\t\t\t\t\t\t\t<div class=\"elementor-element elementor-element-9d9a79d elementor-widget elementor-widget-text-editor\" data-id=\"9d9a79d\" data-element_type=\"widget\" data-widget_type=\"text-editor.default\">\n\t\t\t\t<div class=\"elementor-widget-container\">\n\t\t\t<style>\/*! elementor - v3.12.2 - 23-04-2023 *\/\n.elementor-widget-text-editor.elementor-drop-cap-view-stacked .elementor-drop-cap{background-color:#69727d;color:#fff}.elementor-widget-text-editor.elementor-drop-cap-view-framed .elementor-drop-cap{color:#69727d;border:3px solid;background-color:transparent}.elementor-widget-text-editor:not(.elementor-drop-cap-view-default) .elementor-drop-cap{margin-top:8px}.elementor-widget-text-editor:not(.elementor-drop-cap-view-default) .elementor-drop-cap-letter{width:1em;height:1em}.elementor-widget-text-editor .elementor-drop-cap{float:left;text-align:center;line-height:1;font-size:50px}.elementor-widget-text-editor .elementor-drop-cap-letter{display:inline-block}<\/style>\t\t\t\t<h3 style=\"text-align: center;\"><span style=\"color: #000000;\"><strong>Calendrier des activit\u00e9s karting en biplace<\/strong><\/span><\/h3><p style=\"text-align: center;\"><span style=\"color: #000000;\"><span style=\"font-weight: 400;\">RGKH circuit de l&rsquo;Oratoire quartier Saint Pierre Martigues. <\/span><span style=\"font-weight: 400;\"><br \/>Nous vous accueillerons les mardis et mercredis de 9h30 \u00e0 16h et uniquement biplaces adapt\u00e9s<\/span><\/span><\/p>\t\t\t\t\t\t<\/div>\n\t\t\t\t<\/div>\n\t\t\t\t\t<\/div>\n\t\t<\/div>\n\t\t\t\t\t\t\t<\/div>\n\t\t<\/section>\n\t\t\t\t<section class=\"elementor-section elementor-top-section elementor-element elementor-element-a157b89 elementor-section-boxed elementor-section-height-default elementor-section-height-default\" data-id=\"a157b89\" data-element_type=\"section\" data-settings=\"{&quot;background_background&quot;:&quot;classic&quot;,&quot;shape_divider_top&quot;:&quot;curve-asymmetrical&quot;,&quot;shape_divider_top_negative&quot;:&quot;yes&quot;,&quot;shape_divider_bottom&quot;:&quot;curve-asymmetrical&quot;,&quot;shape_divider_bottom_negative&quot;:&quot;yes&quot;}\">\n\t\t\t\t\t<div class=\"elementor-shape elementor-shape-top\" data-negative=\"true\">\n\t\t\t<svg xmlns=\"http:\/\/www.w3.org\/2000\/svg\" viewBox=\"0 0 1000 100\" preserveAspectRatio=\"none\">\n\t<path class=\"elementor-shape-fill\" d=\"M615.2,96.7C240.2,97.8,0,18.9,0,0v100h1000V0C1000,19.2,989.8,96,615.2,96.7z\"\/>\n<\/svg>\t\t<\/div>\n\t\t\t\t<div class=\"elementor-shape elementor-shape-bottom\" data-negative=\"true\">\n\t\t\t<svg xmlns=\"http:\/\/www.w3.org\/2000\/svg\" viewBox=\"0 0 1000 100\" preserveAspectRatio=\"none\">\n\t<path class=\"elementor-shape-fill\" d=\"M615.2,96.7C240.2,97.8,0,18.9,0,0v100h1000V0C1000,19.2,989.8,96,615.2,96.7z\"\/>\n<\/svg>\t\t<\/div>\n\t\t\t\t\t<div class=\"elementor-container elementor-column-gap-default\">\n\t\t\t\t\t<div class=\"elementor-column elementor-col-100 elementor-top-column elementor-element elementor-element-3f546b6\" data-id=\"3f546b6\" data-element_type=\"column\">\n\t\t\t<div class=\"elementor-widget-wrap elementor-element-populated\">\n\t\t\t\t\t\t\t\t<div class=\"elementor-element elementor-element-92f682e elementor-widget elementor-widget-spacer\" data-id=\"92f682e\" data-element_type=\"widget\" data-widget_type=\"spacer.default\">\n\t\t\t\t<div class=\"elementor-widget-container\">\n\t\t\t<style>\/*! elementor - v3.12.2 - 23-04-2023 *\/\n.elementor-column .elementor-spacer-inner{height:var(--spacer-size)}.e-con{--container-widget-width:100%}.e-con-inner>.elementor-widget-spacer,.e-con>.elementor-widget-spacer{width:var(--container-widget-width,var(--spacer-size));--align-self:var(--container-widget-align-self,initial);--flex-shrink:0}.e-con-inner>.elementor-widget-spacer>.elementor-widget-container,.e-con-inner>.elementor-widget-spacer>.elementor-widget-container>.elementor-spacer,.e-con>.elementor-widget-spacer>.elementor-widget-container,.e-con>.elementor-widget-spacer>.elementor-widget-container>.elementor-spacer{height:100%}.e-con-inner>.elementor-widget-spacer>.elementor-widget-container>.elementor-spacer>.elementor-spacer-inner,.e-con>.elementor-widget-spacer>.elementor-widget-container>.elementor-spacer>.elementor-spacer-inner{height:var(--container-widget-height,var(--spacer-size))}<\/style>\t\t<div class=\"elementor-spacer\">\n\t\t\t<div class=\"elementor-spacer-inner\"><\/div>\n\t\t<\/div>\n\t\t\t\t<\/div>\n\t\t\t\t<\/div>\n\t\t\t\t<div class=\"elementor-element elementor-element-77e2b69 elementor-widget elementor-widget-text-editor\" data-id=\"77e2b69\" data-element_type=\"widget\" data-widget_type=\"text-editor.default\">\n\t\t\t\t<div class=\"elementor-widget-container\">\n\t\t\t\t\t\t\t<h4 style=\"text-align: center;\"><em><span style=\"color: #ffffff;\">!! cliquer sur les dates pour voir les photos !!<br \/><\/span><\/em><\/h4>\t\t\t\t\t\t<\/div>\n\t\t\t\t<\/div>\n\t\t\t\t<section class=\"elementor-section elementor-inner-section elementor-element elementor-element-527bf19 elementor-section-boxed elementor-section-height-default elementor-section-height-default\" data-id=\"527bf19\" data-element_type=\"section\">\n\t\t\t\t\t\t<div class=\"elementor-container elementor-column-gap-default\">\n\t\t\t\t\t<div class=\"elementor-column elementor-col-100 elementor-inner-column elementor-element elementor-element-d3ac669\" data-id=\"d3ac669\" data-element_type=\"column\">\n\t\t\t<div class=\"elementor-widget-wrap elementor-element-populated\">\n\t\t\t\t\t\t\t\t<div class=\"elementor-element elementor-element-1fe74bb elementor-widget elementor-widget-image\" data-id=\"1fe74bb\" data-element_type=\"widget\" data-widget_type=\"image.default\">\n\t\t\t\t<div class=\"elementor-widget-container\">\n\t\t\t<style>\/*! elementor - v3.12.2 - 23-04-2023 *\/\n.elementor-widget-image{text-align:center}.elementor-widget-image a{display:inline-block}.elementor-widget-image a img[src$=\".svg\"]{width:48px}.elementor-widget-image img{vertical-align:middle;display:inline-block}<\/style>\t\t\t\t\t\t\t\t\t\t\t\t<img loading=\"lazy\" decoding=\"async\" width=\"714\" height=\"286\" src=\"https:\/\/rgkhandisport.fr\/wp-content\/uploads\/2023\/04\/cropped-GD_LOGO_1-removebg-preview.png\" class=\"attachment-large size-large wp-image-45\" alt=\"\" srcset=\"https:\/\/rgkhandisport.fr\/wp-content\/uploads\/2023\/04\/cropped-GD_LOGO_1-removebg-preview.png 714w, https:\/\/rgkhandisport.fr\/wp-content\/uploads\/2023\/04\/cropped-GD_LOGO_1-removebg-preview-300x120.png 300w\" sizes=\"auto, (max-width: 714px) 100vw, 714px\" \/>\t\t\t\t\t\t\t\t\t\t\t\t\t\t\t<\/div>\n\t\t\t\t<\/div>\n\t\t\t\t\t<\/div>\n\t\t<\/div>\n\t\t\t\t\t\t\t<\/div>\n\t\t<\/section>\n\t\t\t\t<section class=\"elementor-section elementor-inner-section elementor-element elementor-element-db13074 elementor-section-boxed elementor-section-height-default elementor-section-height-default\" data-id=\"db13074\" data-element_type=\"section\">\n\t\t\t\t\t\t<div class=\"elementor-container elementor-column-gap-default\">\n\t\t\t\t\t<div class=\"elementor-column elementor-col-100 elementor-inner-column elementor-element elementor-element-ea80c76\" data-id=\"ea80c76\" data-element_type=\"column\">\n\t\t\t<div class=\"elementor-widget-wrap elementor-element-populated\">\n\t\t\t\t\t\t\t\t<div class=\"elementor-element elementor-element-a264a55 elementor-tabs-view-horizontal elementor-widget elementor-widget-tabs\" data-id=\"a264a55\" data-element_type=\"widget\" data-widget_type=\"tabs.default\">\n\t\t\t\t<div class=\"elementor-widget-container\">\n\t\t\t<style>\/*! elementor - v3.12.2 - 23-04-2023 *\/\n.elementor-widget-tabs.elementor-tabs-view-vertical .elementor-tabs-wrapper{width:25%;flex-shrink:0}.elementor-widget-tabs.elementor-tabs-view-vertical .elementor-tab-desktop-title.elementor-active{border-right-style:none}.elementor-widget-tabs.elementor-tabs-view-vertical .elementor-tab-desktop-title.elementor-active:after,.elementor-widget-tabs.elementor-tabs-view-vertical .elementor-tab-desktop-title.elementor-active:before{height:999em;width:0;right:0;border-right-style:solid}.elementor-widget-tabs.elementor-tabs-view-vertical .elementor-tab-desktop-title.elementor-active:before{top:0;transform:translateY(-100%)}.elementor-widget-tabs.elementor-tabs-view-vertical .elementor-tab-desktop-title.elementor-active:after{top:100%}.elementor-widget-tabs.elementor-tabs-view-horizontal .elementor-tab-desktop-title{display:table-cell}.elementor-widget-tabs.elementor-tabs-view-horizontal .elementor-tab-desktop-title.elementor-active{border-bottom-style:none}.elementor-widget-tabs.elementor-tabs-view-horizontal .elementor-tab-desktop-title.elementor-active:after,.elementor-widget-tabs.elementor-tabs-view-horizontal .elementor-tab-desktop-title.elementor-active:before{bottom:0;height:0;width:999em;border-bottom-style:solid}.elementor-widget-tabs.elementor-tabs-view-horizontal .elementor-tab-desktop-title.elementor-active:before{right:100%}.elementor-widget-tabs.elementor-tabs-view-horizontal .elementor-tab-desktop-title.elementor-active:after{left:100%}.elementor-widget-tabs .elementor-tab-content,.elementor-widget-tabs .elementor-tab-title,.elementor-widget-tabs .elementor-tab-title:after,.elementor-widget-tabs .elementor-tab-title:before,.elementor-widget-tabs .elementor-tabs-content-wrapper{border:1px #d5d8dc}.elementor-widget-tabs .elementor-tabs{text-align:left}.elementor-widget-tabs .elementor-tabs-wrapper{overflow:hidden}.elementor-widget-tabs .elementor-tab-title{cursor:pointer;outline:var(--focus-outline,none)}.elementor-widget-tabs .elementor-tab-desktop-title{position:relative;padding:20px 25px;font-weight:700;line-height:1;border:solid transparent}.elementor-widget-tabs .elementor-tab-desktop-title.elementor-active{border-color:#d5d8dc}.elementor-widget-tabs .elementor-tab-desktop-title.elementor-active:after,.elementor-widget-tabs .elementor-tab-desktop-title.elementor-active:before{display:block;content:\"\";position:absolute}.elementor-widget-tabs .elementor-tab-desktop-title:focus-visible{border:1px solid #000}.elementor-widget-tabs .elementor-tab-mobile-title{padding:10px;cursor:pointer}.elementor-widget-tabs .elementor-tab-content{padding:20px;display:none}@media (max-width:767px){.elementor-tabs .elementor-tab-content,.elementor-tabs .elementor-tab-title{border-style:solid solid none}.elementor-tabs .elementor-tabs-wrapper{display:none}.elementor-tabs .elementor-tabs-content-wrapper{border-bottom-style:solid}.elementor-tabs .elementor-tab-content{padding:10px}}@media (min-width:768px){.elementor-widget-tabs.elementor-tabs-view-vertical .elementor-tabs{display:flex}.elementor-widget-tabs.elementor-tabs-view-vertical .elementor-tabs-wrapper{flex-direction:column}.elementor-widget-tabs.elementor-tabs-view-vertical .elementor-tabs-content-wrapper{flex-grow:1;border-style:solid solid solid none}.elementor-widget-tabs.elementor-tabs-view-horizontal .elementor-tab-content{border-style:none solid solid}.elementor-widget-tabs.elementor-tabs-alignment-center .elementor-tabs-wrapper,.elementor-widget-tabs.elementor-tabs-alignment-end .elementor-tabs-wrapper,.elementor-widget-tabs.elementor-tabs-alignment-stretch .elementor-tabs-wrapper{display:flex}.elementor-widget-tabs.elementor-tabs-alignment-center .elementor-tabs-wrapper{justify-content:center}.elementor-widget-tabs.elementor-tabs-alignment-end .elementor-tabs-wrapper{justify-content:flex-end}.elementor-widget-tabs.elementor-tabs-alignment-stretch.elementor-tabs-view-horizontal .elementor-tab-title{width:100%}.elementor-widget-tabs.elementor-tabs-alignment-stretch.elementor-tabs-view-vertical .elementor-tab-title{height:100%}.elementor-tabs .elementor-tab-mobile-title{display:none}}<\/style>\t\t<div class=\"elementor-tabs\">\n\t\t\t<div class=\"elementor-tabs-wrapper\" role=\"tablist\" >\n\t\t\t\t\t\t\t\t\t<div id=\"elementor-tab-title-1701\" class=\"elementor-tab-title elementor-tab-desktop-title\" aria-selected=\"true\" data-tab=\"1\" role=\"tab\" tabindex=\"0\" aria-controls=\"elementor-tab-content-1701\" aria-expanded=\"false\">2023\/2024<\/div>\n\t\t\t\t\t\t\t\t\t<div id=\"elementor-tab-title-1702\" class=\"elementor-tab-title elementor-tab-desktop-title\" aria-selected=\"false\" data-tab=\"2\" role=\"tab\" tabindex=\"-1\" aria-controls=\"elementor-tab-content-1702\" aria-expanded=\"false\">2024\/2025<\/div>\n\t\t\t\t\t\t\t\t\t<div id=\"elementor-tab-title-1703\" class=\"elementor-tab-title elementor-tab-desktop-title\" aria-selected=\"false\" data-tab=\"3\" role=\"tab\" tabindex=\"-1\" aria-controls=\"elementor-tab-content-1703\" aria-expanded=\"false\">2026<\/div>\n\t\t\t\t\t\t\t<\/div>\n\t\t\t<div class=\"elementor-tabs-content-wrapper\" role=\"tablist\" aria-orientation=\"vertical\">\n\t\t\t\t\t\t\t\t\t<div class=\"elementor-tab-title elementor-tab-mobile-title\" aria-selected=\"true\" data-tab=\"1\" role=\"tab\" tabindex=\"0\" aria-controls=\"elementor-tab-content-1701\" aria-expanded=\"false\">2023\/2024<\/div>\n\t\t\t\t\t<div id=\"elementor-tab-content-1701\" class=\"elementor-tab-content elementor-clearfix\" data-tab=\"1\" role=\"tabpanel\" aria-labelledby=\"elementor-tab-title-1701\" tabindex=\"0\" hidden=\"false\"><p><span style=\"color: #ffffff;\"><strong>2023<\/strong><\/span><\/p><p><span style=\"text-decoration: underline;\"><span style=\"color: #ffffff; text-decoration: underline;\"><a style=\"color: #ffffff; text-decoration: underline;\" href=\"https:\/\/rgkhandisport.fr\/?p=742\">Mercredi 13 septembre 2023<\/a><\/span><\/span><\/p><p><span style=\"text-decoration: underline;\"><span style=\"color: #ffffff; text-decoration: underline;\"><a style=\"color: #ffffff; text-decoration: underline;\" href=\"https:\/\/rgkhandisport.fr\/?p=882\">Mardi 26 septembre 2023<\/a><\/span><\/span><\/p><p><span style=\"color: #ffffff;\"><a style=\"color: #ffffff;\" href=\"https:\/\/rgkhandisport.fr\/?p=891\"><span style=\"text-decoration: underline;\">Samedi 30 septembre 2023<\/span> (journ\u00e9e priv\u00e9e)<\/a><\/span><\/p><p><span style=\"text-decoration: underline;\"><a href=\"https:\/\/rgkhandisport.fr\/?p=906\"><span style=\"color: #ffffff; text-decoration: underline;\">Mercredi 11 octobre 2023<\/span><\/a><\/span><\/p><p><span style=\"text-decoration: underline;\"><a href=\"https:\/\/rgkhandisport.fr\/?p=922\"><span style=\"color: #ffffff; text-decoration: underline;\">Mardi 24 octobre 2023<\/span><\/a><\/span><\/p><p><span style=\"color: #ffffff;\"><strong>2024<\/strong><\/span><\/p><p><span style=\"text-decoration: underline;\"><a href=\"https:\/\/rgkhandisport.fr\/?p=944\"><span style=\"color: #ffffff; text-decoration: underline;\">Mardi 12 mars 2024<\/span><\/a><\/span><\/p><p><a href=\"https:\/\/rgkhandisport.fr\/?p=962\"><span style=\"text-decoration: underline;\"><span style=\"color: #ffffff; text-decoration: underline;\">Samedi 23 mars 2024 (cmcas edf)<\/span><\/span><\/a><\/p><p><span style=\"text-decoration: underline;\"><a href=\"https:\/\/rgkhandisport.fr\/?p=953\"><span style=\"color: #ffffff; text-decoration: underline;\">Mercredi 27 mars 2024<\/span><\/a><\/span><\/p><p><span style=\"text-decoration: underline;\"><a href=\"https:\/\/rgkhandisport.fr\/?p=972\"><span style=\"color: #ffffff; text-decoration: underline;\">Dimanche 7 avril 2024 (course endurance)<\/span><\/a><\/span><\/p><p><span style=\"text-decoration: underline;\"><a href=\"https:\/\/rgkhandisport.fr\/?p=979\"><span style=\"color: #ffffff; text-decoration: underline;\">Mardi 9 avril 2024<\/span><\/a><\/span><\/p><p><span style=\"text-decoration: underline;\"><a href=\"https:\/\/rgkhandisport.fr\/?p=996\"><span style=\"color: #ffffff; text-decoration: underline;\">Mercredi 24 avril 2024<\/span><\/a><\/span><\/p><p><span style=\"text-decoration: underline;\"><a href=\"https:\/\/rgkhandisport.fr\/?p=1046\">Mercredi 22 mai 2024<\/a><\/span><\/p><p><span style=\"text-decoration: underline;\"><a href=\"https:\/\/rgkhandisport.fr\/?p=1025\"><span style=\"color: #ffffff; text-decoration: underline;\">Mercredi 5 juin 2024<\/span><\/a><\/span><\/p><p><a href=\"https:\/\/rgkhandisport.fr\/?p=1057\"><span style=\"text-decoration: underline;\"><span style=\"color: #ffffff; text-decoration: underline;\">Mardi 11 juin 2024<\/span><\/span><\/a><\/p><p><span style=\"text-decoration: underline;\"><a href=\"https:\/\/rgkhandisport.fr\/?p=1008\"><span style=\"color: #ffffff; text-decoration: underline;\">Mercredi 26 juin 2024<\/span><\/a><\/span><\/p><p><span style=\"text-decoration: underline;\"><a href=\"https:\/\/rgkhandisport.fr\/?p=1068\"><span style=\"color: #ffffff; text-decoration: underline;\">Mardi 9 juillet 2024<\/span><\/a><\/span><\/p><p><span style=\"text-decoration: underline;\"><a href=\"https:\/\/rgkhandisport.fr\/?p=1086\"><span style=\"color: #ffffff; text-decoration: underline;\">Mercredi 24 juillet 2024<\/span><\/a><\/span><\/p><\/div>\n\t\t\t\t\t\t\t\t\t<div class=\"elementor-tab-title elementor-tab-mobile-title\" aria-selected=\"false\" data-tab=\"2\" role=\"tab\" tabindex=\"-1\" aria-controls=\"elementor-tab-content-1702\" aria-expanded=\"false\">2024\/2025<\/div>\n\t\t\t\t\t<div id=\"elementor-tab-content-1702\" class=\"elementor-tab-content elementor-clearfix\" data-tab=\"2\" role=\"tabpanel\" aria-labelledby=\"elementor-tab-title-1702\" tabindex=\"0\" hidden=\"hidden\"><p><strong>2024<\/strong><\/p><p><span style=\"text-decoration: underline;\"><a href=\"https:\/\/rgkhandisport.fr\/?p=1106\">Mercredi 11 septembre<\/a><\/span><\/p><p><span style=\"text-decoration: underline;\"><a href=\"https:\/\/rgkhandisport.fr\/?p=1115\">mardi 24 septembre<\/a><\/span><\/p><p><a href=\"https:\/\/rgkhandisport.fr\/?p=1131\"><span style=\"text-decoration: underline;\">mercredi 9 octobre<\/span><\/a><\/p><p><span style=\"text-decoration: underline;\"><a href=\"https:\/\/rgkhandisport.fr\/?p=1146\">mardi 15 octobre<\/a><\/span><\/p><p><span style=\"text-decoration: underline;\"><a href=\"https:\/\/rgkhandisport.fr\/?p=1159\">samedi 19 octobre (cmcas edf)<\/a><\/span><\/p><p><strong>2025<\/strong><\/p><p><span style=\"text-decoration: underline;\"><a href=\"https:\/\/rgkhandisport.fr\/?p=1179\">mercredi 26 mars<\/a><\/span><\/p><p><span style=\"text-decoration: underline;\"><a href=\"https:\/\/rgkhandisport.fr\/?p=1189\">mardi 8 avril<\/a><\/span><\/p><p><span style=\"text-decoration: underline;\"><a href=\"https:\/\/rgkhandisport.fr\/?p=1198\">mercredi 23 avril<\/a><\/span><\/p><p><span style=\"text-decoration: underline;\"><a href=\"https:\/\/rgkhandisport.fr\/?p=1215\">mardi 20 mai<\/a><\/span><\/p><p><span style=\"text-decoration: underline;\"><a href=\"https:\/\/rgkhandisport.fr\/?p=1229\">mercredi 28 mai<\/a><\/span><\/p><p><span style=\"text-decoration: underline;\"><a href=\"https:\/\/rgkhandisport.fr\/?p=1247\">jeudi 12 juin<\/a><\/span><\/p><p><span style=\"text-decoration: underline;\"><a href=\"https:\/\/rgkhandisport.fr\/?p=1259\">mercredi 25 juin<\/a><\/span><\/p><p><span style=\"text-decoration: underline;\"><a href=\"https:\/\/rgkhandisport.fr\/?p=1269\">mardi 8 juillet<\/a><\/span><\/p><p><span style=\"text-decoration: underline;\"><a href=\"https:\/\/rgkhandisport.fr\/?p=1281\">mercredi 23 juillet<\/a><\/span><\/p><p><span style=\"text-decoration: underline;\"><a href=\"https:\/\/rgkhandisport.fr\/?p=1306\">mardi 9 septembre<\/a><\/span><\/p><p><span style=\"text-decoration: underline;\"><a href=\"https:\/\/rgkhandisport.fr\/?p=1320\">mercredi 24 septembre<\/a><\/span><\/p><p><span style=\"text-decoration: underline;\"><a href=\"https:\/\/rgkhandisport.fr\/?p=1334\">mardi 7 octobre<\/a><\/span><\/p><p><span style=\"text-decoration: underline;\"><a href=\"https:\/\/rgkhandisport.fr\/?p=1353\">mercredi 15 octobre<\/a><\/span><\/p><\/div>\n\t\t\t\t\t\t\t\t\t<div class=\"elementor-tab-title elementor-tab-mobile-title\" aria-selected=\"false\" data-tab=\"3\" role=\"tab\" tabindex=\"-1\" aria-controls=\"elementor-tab-content-1703\" aria-expanded=\"false\">2026<\/div>\n\t\t\t\t\t<div id=\"elementor-tab-content-1703\" class=\"elementor-tab-content elementor-clearfix\" data-tab=\"3\" role=\"tabpanel\" aria-labelledby=\"elementor-tab-title-1703\" tabindex=\"0\" hidden=\"hidden\"><p><span style=\"text-decoration: underline;\"><a href=\"https:\/\/rgkhandisport.fr\/?p=1391\">Mardi 10 mars<\/a><\/span><\/p><p><a href=\"https:\/\/rgkhandisport.fr\/?p=1397\"><span style=\"text-decoration: underline;\">Mercredi 23 mars<\/span><\/a><\/p><p>Mardi 7 avril<\/p><p>Mercredi 22 avril<\/p><p>jeudi 21 mai<\/p><p>Mercredi 27 mai<\/p><p>Mardi 9 juin<\/p><p>Mercredi 24 juin<\/p><p>Mardi 7 juillet<\/p><p>Mercredi 22 juillet<\/p><\/div>\n\t\t\t\t\t\t\t<\/div>\n\t\t<\/div>\n\t\t\t\t<\/div>\n\t\t\t\t<\/div>\n\t\t\t\t\t<\/div>\n\t\t<\/div>\n\t\t\t\t\t\t\t<\/div>\n\t\t<\/section>\n\t\t\t\t<div class=\"elementor-element elementor-element-d69a74f elementor-widget elementor-widget-image\" data-id=\"d69a74f\" data-element_type=\"widget\" data-widget_type=\"image.default\">\n\t\t\t\t<div class=\"elementor-widget-container\">\n\t\t\t\t\t\t\t\t\t\t\t\t\t\t\t<img loading=\"lazy\" decoding=\"async\" width=\"1920\" height=\"2560\" src=\"https:\/\/rgkhandisport.fr\/wp-content\/uploads\/2023\/05\/IMG_5981-scaled.jpg\" class=\"attachment-full size-full wp-image-516\" alt=\"\" srcset=\"https:\/\/rgkhandisport.fr\/wp-content\/uploads\/2023\/05\/IMG_5981-scaled.jpg 1920w, https:\/\/rgkhandisport.fr\/wp-content\/uploads\/2023\/05\/IMG_5981-225x300.jpg 225w, https:\/\/rgkhandisport.fr\/wp-content\/uploads\/2023\/05\/IMG_5981-768x1024.jpg 768w, https:\/\/rgkhandisport.fr\/wp-content\/uploads\/2023\/05\/IMG_5981-1152x1536.jpg 1152w, https:\/\/rgkhandisport.fr\/wp-content\/uploads\/2023\/05\/IMG_5981-1536x2048.jpg 1536w\" sizes=\"auto, (max-width: 1920px) 100vw, 1920px\" \/>\t\t\t\t\t\t\t\t\t\t\t\t\t\t\t<\/div>\n\t\t\t\t<\/div>\n\t\t\t\t\t<\/div>\n\t\t<\/div>\n\t\t\t\t\t\t\t<\/div>\n\t\t<\/section>\n\t\t\t\t\t\t\t<\/div>\n\t\t","protected":false},"excerpt":{"rendered":"<p>Calendrier &#038; \u00e9v\u00e9nement Calendrier des activit\u00e9s karting en biplace RGKH circuit de l&rsquo;Oratoire quartier Saint Pierre Martigues. Nous vous accueillerons les mardis et mercredis de 9h30 \u00e0 16h et uniquement biplaces adapt\u00e9s !! cliquer sur les dates pour voir les photos !! 2023\/2024 2024\/2025 2026 2023\/2024 2023 Mercredi 13 septembre 2023 Mardi 26 septembre 2023&#8230;<\/p>\n","protected":false},"author":1,"featured_media":0,"parent":0,"menu_order":0,"comment_status":"closed","ping_status":"closed","template":"","meta":{"_kad_post_transparent":"","_kad_post_title":"hide","_kad_post_layout":"fullwidth","_kad_post_sidebar_id":"","_kad_post_content_style":"unboxed","_kad_post_vertical_padding":"hide","_kad_post_feature":"hide","_kad_post_feature_position":"","_kad_post_header":false,"_kad_post_footer":false,"footnotes":""},"class_list":["post-18","page","type-page","status-publish","hentry"],"_links":{"self":[{"href":"https:\/\/rgkhandisport.fr\/index.php?rest_route=\/wp\/v2\/pages\/18","targetHints":{"allow":["GET"]}}],"collection":[{"href":"https:\/\/rgkhandisport.fr\/index.php?rest_route=\/wp\/v2\/pages"}],"about":[{"href":"https:\/\/rgkhandisport.fr\/index.php?rest_route=\/wp\/v2\/types\/page"}],"author":[{"embeddable":true,"href":"https:\/\/rgkhandisport.fr\/index.php?rest_route=\/wp\/v2\/users\/1"}],"replies":[{"embeddable":true,"href":"https:\/\/rgkhandisport.fr\/index.php?rest_route=%2Fwp%2Fv2%2Fcomments&post=18"}],"version-history":[{"count":212,"href":"https:\/\/rgkhandisport.fr\/index.php?rest_route=\/wp\/v2\/pages\/18\/revisions"}],"predecessor-version":[{"id":1414,"href":"https:\/\/rgkhandisport.fr\/index.php?rest_route=\/wp\/v2\/pages\/18\/revisions\/1414"}],"wp:attachment":[{"href":"https:\/\/rgkhandisport.fr\/index.php?rest_route=%2Fwp%2Fv2%2Fmedia&parent=18"}],"curies":[{"name":"wp","href":"https:\/\/api.w.org\/{rel}","templated":true}]}}